{"id":14,"date":"2016-08-22T08:45:50","date_gmt":"2016-08-22T08:45:50","guid":{"rendered":"http:\/\/shenghealth.com\/?page_id=14"},"modified":"2023-06-22T20:18:34","modified_gmt":"2023-06-22T20:18:34","slug":"cinco-elementos","status":"publish","type":"page","link":"https:\/\/shenghealth.com\/en\/cinco-elementos\/","title":{"rendered":"CINCO ELEMENTOS W\u01d4x\u00edng \u4e94\u884c"},"content":{"rendered":"<div class=\"vc_row wpb_row vc_row-fluid\"><div class=\"wpb_column vc_column_container vc_col-sm-12\"><div class=\"vc_column-inner\"><div class=\"wpb_wrapper\">\n\t<div class=\"wpb_text_column wpb_content_element\" >\n\t\t<div class=\"wpb_wrapper\">\n\t\t\t\n\t\t<\/div>\n\t<\/div>\n<\/div><\/div><\/div><\/div><div class=\"vc_row wpb_row vc_row-fluid\"><div class=\"wpb_column vc_column_container vc_col-sm-12\"><div class=\"vc_column-inner\"><div class=\"wpb_wrapper\"><div class=\"vc_empty_space\"   style=\"height: 5px\"><span class=\"vc_empty_space_inner\"><\/span><\/div><\/div><\/div><\/div><\/div><div class=\"vc_row wpb_row vc_row-fluid\"><div class=\"wpb_column vc_column_container vc_col-sm-12\"><div class=\"vc_column-inner\"><div class=\"wpb_wrapper\">\n\t<div class=\"wpb_text_column wpb_content_element\" >\n\t\t<div class=\"wpb_wrapper\">\n\t\t\t\n\t\t<\/div>\n\t<\/div>\n<\/div><\/div><\/div><\/div><div class=\"vc_row wpb_row vc_row-fluid\"><div class=\"wpb_column vc_column_container vc_col-sm-12\"><div class=\"vc_column-inner\"><div class=\"wpb_wrapper\"><div class=\"sc_section aligncenter\"><div class=\"sc_section_inner\"><div class=\"sc_item_head\"><h2 class=\"sc_section_title sc_item_title sc_item_title_without_descr\">CINCO ELEMENTOS W\u01d4x\u00edng \u4e94\u884c<\/h2><\/div><div class=\"sc_section_content_wrap\"><\/div><\/div><\/div>\n\t<div  class=\"wpb_single_image wpb_content_element vc_align_left\">\n\t\t\n\t\t<figure class=\"wpb_wrapper vc_figure\">\n\t\t\t<div class=\"vc_single_image-wrapper   vc_box_border_grey\"><img fetchpriority=\"high\" decoding=\"async\" width=\"2048\" height=\"2041\" src=\"https:\/\/shenghealth.com\/wp-content\/uploads\/2023\/03\/blog-5-elementos.jpg\" class=\"vc_single_image-img attachment-full\" alt=\"cinco elementos\" title=\"\" srcset=\"https:\/\/shenghealth.com\/wp-content\/uploads\/2023\/03\/blog-5-elementos.jpg 2048w, https:\/\/shenghealth.com\/wp-content\/uploads\/2023\/03\/blog-5-elementos-300x300.jpg 300w, https:\/\/shenghealth.com\/wp-content\/uploads\/2023\/03\/blog-5-elementos-1024x1021.jpg 1024w, https:\/\/shenghealth.com\/wp-content\/uploads\/2023\/03\/blog-5-elementos-150x150.jpg 150w, https:\/\/shenghealth.com\/wp-content\/uploads\/2023\/03\/blog-5-elementos-768x765.jpg 768w, https:\/\/shenghealth.com\/wp-content\/uploads\/2023\/03\/blog-5-elementos-1536x1531.jpg 1536w, https:\/\/shenghealth.com\/wp-content\/uploads\/2023\/03\/blog-5-elementos-600x598.jpg 600w, https:\/\/shenghealth.com\/wp-content\/uploads\/2023\/03\/blog-5-elementos-100x100.jpg 100w, https:\/\/shenghealth.com\/wp-content\/uploads\/2023\/03\/blog-5-elementos-370x370.jpg 370w\" sizes=\"(max-width: 2048px) 100vw, 2048px\" \/><\/div>\n\t\t<\/figure>\n\t<\/div>\n<\/div><\/div><\/div><\/div><div class=\"vc_row wpb_row vc_row-fluid vc_custom_1677667706910\"><div class=\"wpb_column vc_column_container vc_col-sm-12\"><div class=\"vc_column-inner\"><div class=\"wpb_wrapper\"><div class=\"vc_row wpb_row vc_inner vc_row-fluid\"><div class=\"wpb_column vc_column_container vc_col-sm-12\"><div class=\"vc_column-inner\"><div class=\"wpb_wrapper\">\n\t<div class=\"wpb_text_column wpb_content_element\" >\n\t\t<div class=\"wpb_wrapper\">\n\t\t\t<p>La teor\u00eda de los 5 elementos es uno de los pilares fundamentales en la Medicina Oriental.<\/p>\n<p>Describe la relaci\u00f3n de los diferentes elementos de la naturaleza y c\u00f3mo \u00e9stos se ven reflejados en cada uno de nosotros influyendo en el balance de la salud.<\/p>\n<p>Son 5 elementos:\u00a0<strong>Fuego (\u706b, hu\u01d2)<\/strong>,<strong>\u00a0Agua (\u6c34, sh\u01d4i)<\/strong>,\u00a0<strong>Madera (\u6728, m\u00f9)<\/strong>,\u00a0<strong>Metal (\u91d1, j\u012bn)<\/strong>\u00a0y\u00a0<strong>Tierra (\u571f, t\u01d4)<\/strong>.<\/p>\n<p>Cada elemento tiene caracter\u00edsticas particulares y est\u00e1 asociado con el clima, estaci\u00f3n, color, emoci\u00f3n, sabor, hora del d\u00eda, \u00f3rgano, v\u00edsceras y rasgos de comportamiento.<\/p>\n\n\t\t<\/div>\n\t<\/div>\n<\/div><\/div><\/div><\/div><\/div><\/div><\/div><\/div><div class=\"vc_row wpb_row vc_row-fluid\"><div class=\"wpb_column vc_column_container vc_col-sm-12\"><div class=\"vc_column-inner\"><div class=\"wpb_wrapper\"><div class=\"sc_table content-table\" style=\"width:100%;\"><table cellspacing=\"\u00bb0\u2033\" summary=\"\u00bbCinco\" elementos\u00bb>\n<tbody>\n<tr>\n<td>Elemento<\/td>\n<td>\u00d3rgano\/V\u00edscera con la que se relaciona<\/td>\n<td>Emoci\u00f3n<\/td>\n<\/tr>\n<tr>\n<td>Fuego<\/td>\n<td>Coraz\u00f3n (\u00f3rgano) Intestino delgado (V\u00edscera)<\/td>\n<td>Alegr\u00eda<\/td>\n<\/tr>\n<tr>\n<td>earth<\/td>\n<td>Bazo: (\u00d3rgano)<br \/>\nEst\u00f3mago: (V\u00edscera)<\/td>\n<td>Obsesi\u00f3n<\/td>\n<\/tr>\n<tr>\n<td>Metal<\/td>\n<td>Pulmones: \u00f3rgano<br \/>\nIntestino grueso: v\u00edscera<\/td>\n<td>Tristeza<\/td>\n<\/tr>\n<tr>\n<td>Water<\/td>\n<td>Ri\u00f1ones: (\u00f3rgano)<br \/>\nVejiga: (V\u00edscera)<\/td>\n<td>Miedo<\/td>\n<\/tr>\n<tr>\n<td>Madera<\/td>\n<td>H\u00edgado: (\u00f3rgano)<br \/>\nVes\u00edcula biliar: (V\u00edscera)<\/td>\n<td>Ira<\/td>\n<\/tr>\n<\/tbody>\n<\/table><\/div><\/div><\/div><\/div><\/div><div class=\"vc_row wpb_row vc_row-fluid\"><div class=\"wpb_column vc_column_container vc_col-sm-12\"><div class=\"vc_column-inner\"><div class=\"wpb_wrapper\"><div class=\"sc_line sc_line_position_center_center sc_line_style_solid margin_top_small margin_bottom_small\" style=\"border-top-style:solid;border-top-color:#e5e5e5;\"><\/div>\n\t<div class=\"wpb_text_column wpb_content_element\" >\n\t\t<div class=\"wpb_wrapper\">\n\t\t\t<p>El desequilibrio de estos elementos determina el diagn\u00f3stico de cada paciente.<\/p>\n\n\t\t<\/div>\n\t<\/div>\n<figure class=\"sc_image  sc_image_shape_square\"><img decoding=\"async\" src=\"https:\/\/shenghealth.com\/wp-content\/uploads\/2016\/08\/5-elementos.png\" alt=\"\" \/><\/figure>\n\t<div class=\"wpb_text_column wpb_content_element  vc_custom_1676746548845\" >\n\t\t<div class=\"wpb_wrapper\">\n\t\t\t<p>Los elementos est\u00e1n relacionados y pueden influir en el funcionamiento de otro:<\/p>\n\n\t\t<\/div>\n\t<\/div>\n<figure class=\"sc_image  alignright sc_image_shape_square mb2 margin_top_tiny margin_bottom_tiny\" style=\"width:auto;height:80px;\"><a href=\"http:\/\/lifecoach.dv.ancorathemes.com\/wp-content\/uploads\/2016\/02\/post-12.jpg\" class=\"sc_popup_link\" target=\"_blank\" rel=\"noopener\"><img decoding=\"async\" src=\"https:\/\/shenghealth.com\/wp-content\/uploads\/2023\/02\/DSC_7159-croped.jpg\" alt=\"\" \/><\/a><\/figure>\n\t<div class=\"wpb_text_column wpb_content_element  vc_custom_1676746498461\" >\n\t\t<div class=\"wpb_wrapper\">\n\t\t\t<h5>El ciclo de generaci\u00f3n(tambi\u00e9n llamado ciclo de creaci\u00f3n) \u751fsh\u0113ng:<\/h5>\n<ul>\n<li>The wood feeds the fire,<\/li>\n<li>El fuego, con sus cenizas, produce tierra,<\/li>\n<li>The earth houses minerals,<\/li>\n<li>Los minerales (metal) alimentan al agua,<\/li>\n<li>Water gives life to wood.<\/li>\n<\/ul>\n<h5>Seg\u00fan el ciclo de dominaci\u00f3n(tambi\u00e9n llamado estrella de la destrucci\u00f3n) \u514bk\u00e8:<\/h5>\n<ul>\n<li class=\"translation-block\">The wood is nourished by the earth,<\/li>\n<li class=\"translation-block\">The earth retains water,<\/li>\n<li class=\"translation-block\">The water puts out the fire,<\/li>\n<li class=\"translation-block\">Fire melts metal,<\/li>\n<li class=\"translation-block\">Metal cuts wood.<\/li>\n<\/ul>\n\n\t\t<\/div>\n\t<\/div>\n<\/div><\/div><\/div><div class=\"wpb_column vc_column_container vc_col-sm-12\"><div class=\"vc_column-inner\"><div class=\"wpb_wrapper\"><\/div><\/div><\/div><\/div><div class=\"vc_row wpb_row vc_row-fluid\"><div class=\"wpb_column vc_column_container vc_col-sm-12\"><div class=\"vc_column-inner\"><div class=\"wpb_wrapper\"><div class=\"sc_section alignleft\"><div class=\"sc_section_inner\"><div class=\"sc_item_head no_image\"><h2 class=\"sc_section_title sc_item_title sc_item_title_without_descr\">El Reloj Biol\u00f3gico<\/h2><\/div><div class=\"sc_section_content_wrap\"><\/div><\/div><\/div><\/div><\/div><\/div><\/div><div class=\"vc_row wpb_row vc_row-fluid\"><div class=\"wpb_column vc_column_container vc_col-sm-12\"><div class=\"vc_column-inner\"><div class=\"wpb_wrapper\">\n\t<div class=\"wpb_text_column wpb_content_element\" >\n\t\t<div class=\"wpb_wrapper\">\n\t\t\t<p>La Medicina Oriental se basa en el Reloj Biol\u00f3gico para describir que cada \u00f3rgano tiene m\u00e1ximo funcionamiento durante el d\u00eda, por tanto, en estos lapsos es mejor evitar algunos h\u00e1bitos y potenciar otros.<\/p>\n<p>El reloj biol\u00f3gico puede utilizarse para mejorar la calidad de vida y tambi\u00e9n, puede ser un elemento de diagn\u00f3stico o de tratamiento.<\/p>\n<p>Si algunos padecimientos aumentan a ciertas horas, o te levantas en la noche constantemente en un horario espec\u00edfico, puede estar indicando un desbalance en ese \u00f3rgano. Sin embargo, cabe resaltar que el doctor se basa en varios elementos para hacer un diagn\u00f3stico.<\/p>\n<p>Por otro lado, hay tratamientos que se deben hacer en horas espec\u00edficas para aprovechar la energ\u00eda del \u00f3rgano.<\/p>\n<h5>1:00 &#8211; 3:00 am<\/h5>\n<p>\u00d3rgano Activo: H\u00edgado, momento para eliminar toxinas y producir sangre nueva<\/p>\n<p>Acci\u00f3n: Dormir<\/p>\n<h5>3:00 &#8211; 5:00 am<\/h5>\n<p>\u00d3rgano activo: Pulm\u00f3n, enriquece al organismo con ox\u00edgeno<\/p>\n<p>Acci\u00f3n: Dormir o realizar ejercicios de respiraci\u00f3n<\/p>\n<h5>5:00 &#8211; 7:00 am<\/h5>\n<p>\u00d3rgano Activo: Intestino Grueso, funci\u00f3n de eliminaci\u00f3n y evacuaci\u00f3n<\/p>\n<p>Acci\u00f3n: Es un buen momento para la evacuaci\u00f3n intestinal<\/p>\n<h5>7:00 &#8211; 9:00 am<\/h5>\n<p>\u00d3rgano Activo: Est\u00f3mago, absorci\u00f3n de nutrientes<\/p>\n<p>Acci\u00f3n: Desayuno<\/p>\n<h5>9:00 &#8211; 11:00 am<\/h5>\n<p>\u00d3rgano Activo: Bazo, transmutar los alimentos en sangre y energ\u00eda utilizable para los m\u00fasculos<\/p>\n<p>Acci\u00f3n: Hacer las tareas m\u00e1s exigentes del d\u00eda<\/p>\n<h5>11:00 &#8211; 1:00 pm<\/h5>\n<p>\u00d3rgano Activo: Coraz\u00f3n, Impulsar la sangre<\/p>\n<p>Acci\u00f3n: Almuerzo<\/p>\n<h5>1:00 &#8211; 3:00 pm<\/h5>\n<p>\u00d3rgano Activo: Intestino Delgado, separar, distribuir y asimilar los nutrientes.<\/p>\n<p>Acci\u00f3n: Acciones m\u00e1s simples que no requieran mucho esfuerzo, caminata corta y lenta,<\/p>\n<h5>3:00 &#8211; 5:00 pm<\/h5>\n<p>\u00d3rgano Activo: Vejiga, Almacenamiento y evacuaci\u00f3n de la orina<\/p>\n<p>Acci\u00f3n: Actividades m\u00e1s tranquilas, estudio<\/p>\n<h5>5:00 &#8211; 7:00 pm<\/h5>\n<p>\u00d3rgano Activo: Ri\u00f1\u00f3n, eliminan los desechos y el exceso de l\u00edquido del cuerpo<\/p>\n<p>Acci\u00f3n: Pr\u00e1cticas que cultiven lo espiritual (Taichi, Qi Gong meditaci\u00f3n, yoga, etc.)<\/p>\n<h5>7:00 &#8211; 9:00 pm<\/h5>\n<p>\u00d3rgano Activo: Pericardio, Apoya al coraz\u00f3n<\/p>\n<p>Acci\u00f3n: Tiempo en familia, amigos y con la pareja<\/p>\n<h5>9:00 &#8211; 11:00 pm<\/h5>\n<p>\u00d3rgano Activo: Triple Recalentador, Oxigenaci\u00f3n, circulaci\u00f3n, digesti\u00f3n.<\/p>\n<p>Acci\u00f3n:Actividades relajantes para prepararse para dormir<\/p>\n<h5>11:00 &#8211; 1:00 am<\/h5>\n<p>\u00d3rgano Activo: Ves\u00edcula Biliar, Secretar bilis y asimilar las grasas saludables.<\/p>\n<p>Acci\u00f3n: Dormir<\/p>\n\n\t\t<\/div>\n\t<\/div>\n<\/div><\/div><\/div><\/div><div data-vc-full-width=\"true\" data-vc-full-width-init=\"false\" data-vc-stretch-content=\"true\" class=\"vc_row wpb_row vc_row-fluid formCss vc_custom_1677533979446 vc_row-has-fill\"><div class=\"wpb_column vc_column_container vc_col-sm-4\"><div class=\"vc_column-inner\"><div class=\"wpb_wrapper\">\n\t<div  class=\"wpb_single_image wpb_content_element vc_align_left  vc_custom_1677530404494\">\n\t\t\n\t\t<figure class=\"wpb_wrapper vc_figure\">\n\t\t\t<div class=\"vc_single_image-wrapper   vc_box_border_grey\"><img decoding=\"async\" class=\"vc_single_image-img\" src=\"https:\/\/shenghealth.com\/wp-content\/uploads\/2023\/02\/4-6-190x50.png\" width=\"190\" height=\"50\" alt=\"sheng health\" title=\"\" \/><\/div>\n\t\t<\/figure>\n\t<\/div>\n<div class=\"vc_row wpb_row vc_inner vc_row-fluid vc_custom_1677524312292\"><div class=\"wpb_column vc_column_container vc_col-sm-12\"><div class=\"vc_column-inner\"><div class=\"wpb_wrapper\"><div  class=\"vc_wp_custommenu wpb_content_element customFooter\"><div class=\"widget widget_nav_menu\"><div class=\"menu-menu-for-footer-container\"><ul id=\"menu-menu-for-footer\" class=\"menu\"><li id=\"menu-item-2276\" class=\"menu-item menu-item-type-post_type menu-item-object-page menu-item-home menu-item-2276\"><a href=\"https:\/\/shenghealth.com\/en\/\">Home Sheng<\/a><\/li>\n<li id=\"menu-item-2277\" class=\"menu-item menu-item-type-post_type menu-item-object-page menu-item-2277\"><a href=\"https:\/\/shenghealth.com\/en\/acerca-de\/\">Acerca de Nosotros<\/a><\/li>\n<li id=\"menu-item-2278\" class=\"menu-item menu-item-type-post_type menu-item-object-page menu-item-2278\"><a href=\"https:\/\/shenghealth.com\/en\/eventos-noticias\/\">News and Events<\/a><\/li>\n<li id=\"menu-item-2287\" class=\"menu-item menu-item-type-custom menu-item-object-custom menu-item-2287\"><a href=\"https:\/\/shenghealth.com\/en\/tipos-sesiones\/\">Services<\/a><\/li>\n<li id=\"menu-item-2288\" class=\"menu-item menu-item-type-custom menu-item-object-custom menu-item-2288\"><a href=\"https:\/\/shenghealth.com\/en\/cinco-elementos\/\">Blog<\/a><\/li>\n<li id=\"menu-item-2285\" class=\"menu-item menu-item-type-post_type menu-item-object-page menu-item-2285\"><a href=\"https:\/\/shenghealth.com\/en\/preguntas-frecuentes\/\">FAQ's<\/a><\/li>\n<li id=\"menu-item-3174\" class=\"menu-item menu-item-type-post_type menu-item-object-page menu-item-3174\"><a href=\"https:\/\/shenghealth.com\/en\/podcast-2\/\">Podcast<\/a><\/li>\n<li id=\"menu-item-3461\" class=\"menu-item menu-item-type-post_type menu-item-object-page menu-item-3461\"><a href=\"https:\/\/shenghealth.com\/en\/retiro-renueva-tu-energia\/\">Renew your Energy Retreat<\/a><\/li>\n<li id=\"menu-item-3717\" class=\"menu-item menu-item-type-post_type menu-item-object-page menu-item-3717\"><a href=\"https:\/\/shenghealth.com\/en\/explorando-el-qi-excursion-china\/\">Exploring QI - Chinese Workshop and Excursion<\/a><\/li>\n<li id=\"menu-item-3751\" class=\"menu-item menu-item-type-post_type menu-item-object-page menu-item-3751\"><a href=\"https:\/\/shenghealth.com\/en\/taller-de-auriculoterapia\/\">Auriculotherapy Workshop.<\/a><\/li>\n<li id=\"menu-item-3788\" class=\"menu-item menu-item-type-post_type menu-item-object-page menu-item-3788\"><a href=\"https:\/\/shenghealth.com\/en\/tienda\/\">TIENDA<\/a><\/li>\n<li id=\"menu-item-3828\" class=\"menu-item menu-item-type-post_type menu-item-object-page menu-item-3828\"><a href=\"https:\/\/shenghealth.com\/en\/terminos-y-condiciones\/\">T\u00e9rminos y Condiciones<\/a><\/li>\n<li id=\"menu-item-3837\" class=\"menu-item menu-item-type-post_type menu-item-object-page menu-item-privacy-policy menu-item-3837\"><a rel=\"privacy-policy\" href=\"https:\/\/shenghealth.com\/en\/politicas-de-privacidad\/\">Politicas de Privacidad<\/a><\/li>\n<li id=\"menu-item-3898\" class=\"menu-item menu-item-type-post_type menu-item-object-page menu-item-3898\"><a href=\"https:\/\/shenghealth.com\/en\/3897-2\/\">Tienda<\/a><\/li>\n<\/ul><\/div><\/div><\/div><\/div><\/div><\/div><\/div><\/div><\/div><\/div><div class=\"wpb_column vc_column_container vc_col-sm-4\"><div class=\"vc_column-inner\"><div class=\"wpb_wrapper\"><h3 class=\"sc_title sc_title_regular margin_top_tiny\">Contact information<\/h3><div class=\"sc_line sc_line_position_center_center sc_line_style_dotted margin_top_null margin_bottom_null\" style=\"border-top-style:dotted;border-top-color:#d3b9a3;\"><\/div><div class=\"vc_empty_space\"   style=\"height: 1em\"><span class=\"vc_empty_space_inner\"><\/span><\/div><ul class=\"sc_list sc_list_style_iconed\"><li class=\"sc_list_item odd first\" title=\"176 W street name, New York, NY 10014\"><span class=\"sc_list_icon icon-house204\" style=\"color:#af8e71;\"><\/span><div class=\"wpb_text_column wpb_content_element\" >\n\t\t<div class=\"wpb_wrapper\">\n\t\t\t\n\t\t<\/div>\n\t<\/div><\/li><li class=\"sc_list_item even\" title=\"Contact Us: contact@shenghealth.com\"><a href=\"mailto:contact@shenghealth.com\"><span class=\"sc_list_icon icon-mail2\" style=\"color:#af8e71;\"><\/span>Contact Us: contact@shenghealth.com<\/a><\/li><li class=\"sc_list_item odd\" title=\"Call Us: (+57) 3147422705\"><a href=\"tel:(+57)%203147422705\"><span class=\"sc_list_icon icon-phone14\" style=\"color:#af8e71;\"><\/span>Call Us: (+57) 3147422705<\/a><\/li><\/ul><\/div><\/div><\/div><div class=\"wpb_column vc_column_container vc_col-sm-4 vc_hidden-xs\"><div class=\"vc_column-inner\"><div class=\"wpb_wrapper\"><h3 class=\"sc_title sc_title_regular margin_top_tiny\">Our Gallery<\/h3><div class=\"sc_line sc_line_position_center_center sc_line_style_dotted margin_top_null margin_bottom_null\" style=\"border-top-style:dotted;border-top-color:#d3b9a3;\"><\/div><div class=\"vc_empty_space\"   style=\"height: 1em\"><span class=\"vc_empty_space_inner\"><\/span><\/div>\n<div class=\"vc_grid-container-wrapper vc_clearfix vc_grid-animation-fadeIn\">\n\t<div class=\"vc_grid-container vc_clearfix wpb_content_element vc_media_grid\" data-initial-loading-animation=\"fadeIn\" data-vc-grid-settings=\"{&quot;page_id&quot;:14,&quot;style&quot;:&quot;all&quot;,&quot;action&quot;:&quot;vc_get_vc_grid_data&quot;,&quot;shortcode_id&quot;:&quot;1687465074297-e70e50e9-18e4-6&quot;,&quot;tag&quot;:&quot;vc_media_grid&quot;}\" data-vc-request=\"https:\/\/shenghealth.com\/wp-admin\/admin-ajax.php\" data-vc-post-id=\"14\" data-vc-public-nonce=\"4e1e85aa73\">\n\t\t\n\t<\/div>\n<\/div><\/div><\/div><\/div><\/div><div class=\"vc_row-full-width vc_clearfix\"><\/div>","protected":false},"excerpt":{"rendered":"CINCO ELEMENTOS W\u01d4x\u00edng \u4e94\u884c La teor\u00eda de los 5 elementos es uno de los pilares fundamentales en la Medicina Oriental. Describe la relaci\u00f3n de los diferentes elementos de la naturaleza [...]","protected":false},"author":1,"featured_media":0,"parent":0,"menu_order":0,"comment_status":"closed","ping_status":"closed","template":"","meta":{"footnotes":""},"class_list":["post-14","page","type-page","status-publish","hentry"],"_links":{"self":[{"href":"https:\/\/shenghealth.com\/en\/wp-json\/wp\/v2\/pages\/14","targetHints":{"allow":["GET"]}}],"collection":[{"href":"https:\/\/shenghealth.com\/en\/wp-json\/wp\/v2\/pages"}],"about":[{"href":"https:\/\/shenghealth.com\/en\/wp-json\/wp\/v2\/types\/page"}],"author":[{"embeddable":true,"href":"https:\/\/shenghealth.com\/en\/wp-json\/wp\/v2\/users\/1"}],"replies":[{"embeddable":true,"href":"https:\/\/shenghealth.com\/en\/wp-json\/wp\/v2\/comments?post=14"}],"version-history":[{"count":38,"href":"https:\/\/shenghealth.com\/en\/wp-json\/wp\/v2\/pages\/14\/revisions"}],"predecessor-version":[{"id":3064,"href":"https:\/\/shenghealth.com\/en\/wp-json\/wp\/v2\/pages\/14\/revisions\/3064"}],"wp:attachment":[{"href":"https:\/\/shenghealth.com\/en\/wp-json\/wp\/v2\/media?parent=14"}],"curies":[{"name":"wp","href":"https:\/\/api.w.org\/{rel}","templated":true}]}}