{"id":30,"date":"2016-08-22T08:48:21","date_gmt":"2016-08-22T08:48:21","guid":{"rendered":"http:\/\/shenghealth.com\/?page_id=30"},"modified":"2023-06-22T21:18:55","modified_gmt":"2023-06-22T21:18:55","slug":"terapia-medicina-oriental","status":"publish","type":"page","link":"https:\/\/shenghealth.com\/en\/terapia-medicina-oriental\/","title":{"rendered":"Therapies that are part of Oriental Medicine"},"content":{"rendered":"<div class=\"vc_row wpb_row vc_row-fluid\"><div class=\"wpb_column vc_column_container vc_col-sm-12\"><div class=\"vc_column-inner\"><div class=\"wpb_wrapper\"><div class=\"sc_section aligncenter\"><div class=\"sc_section_inner\"><div class=\"sc_item_head\"><h2 class=\"sc_section_title sc_item_title sc_item_title_without_descr\">All therapies are focused on stimulating energy points and channels to harmonize and balance energy:<\/h2><\/div><div class=\"sc_section_content_wrap\"><\/div><\/div><\/div><\/div><\/div><\/div><\/div><div class=\"vc_row wpb_row vc_row-fluid\"><div class=\"wpb_column vc_column_container vc_col-sm-12\"><div class=\"vc_column-inner\"><div class=\"wpb_wrapper\"><div class=\"columns_wrap sc_columns columns_nofluid sc_columns_count_3\"><div class=\"column-1_3 sc_column_item sc_column_item_1 odd first\"><div  class=\"sc_intro cardsImages  scheme_original\" style=\"height:400px;background: url(https:\/\/shenghealth.com\/wp-content\/uploads\/2023\/06\/45.Tui-na-.jpg);background-color: #bea0bf;\"><div class=\"sc_intro_inner  sc_intro_style_3\"><div class=\"sc_intro_content\"><\/div><\/div><\/div><div class=\"sc_section aligncenter\"><div class=\"sc_section_inner\"><div class=\"sc_item_head no_image\"><h2 class=\"sc_section_title sc_item_title sc_item_title_without_descr\">Tui N\u00e1<\/h2><div class=\"sc_section_descr sc_item_descr\">TRANSLATES INTO PUSHING AND GRABBING.<\/div><\/div><div class=\"sc_section_content_wrap\"><\/div><\/div><\/div><\/div><div class=\"column-1_3 sc_column_item sc_column_item_2 even\"><div  class=\"sc_intro cardsImages  scheme_original\" style=\"height:400px;background: url(https:\/\/shenghealth.com\/wp-content\/uploads\/2023\/06\/45.Gua-Sha.jpg);background-color: #bea0bf;\"><div class=\"sc_intro_inner  sc_intro_style_3\"><div class=\"sc_intro_content\"><\/div><\/div><\/div><div class=\"sc_section aligncenter\"><div class=\"sc_section_inner\"><div class=\"sc_item_head no_image\"><h2 class=\"sc_section_title sc_item_title sc_item_title_without_descr\">Gu\u0101sh\u0101<\/h2><div class=\"sc_section_descr sc_item_descr\">Scraping technique<\/div><\/div><div class=\"sc_section_content_wrap\"><\/div><\/div><\/div><\/div><div class=\"column-1_3 sc_column_item sc_column_item_3 odd\"><div  class=\"sc_intro cardsImages  scheme_original\" style=\"height:400px;background: url(https:\/\/shenghealth.com\/wp-content\/uploads\/2023\/06\/45.Ba-Huo-Guan-.jpg);background-color: #bea0bf;\"><div class=\"sc_intro_inner  sc_intro_style_3\"><div class=\"sc_intro_content\"><\/div><\/div><\/div><div class=\"sc_section aligncenter\"><div class=\"sc_section_inner\"><div class=\"sc_item_head no_image\"><h2 class=\"sc_section_title sc_item_title sc_item_title_without_descr\">B\u00e1 Hu\u01d2 Gu\u00e0n<\/h2><div class=\"sc_section_descr sc_item_descr\">Makes use of fire and suction<\/div><\/div><div class=\"sc_section_content_wrap\"><\/div><\/div><\/div><\/div><div class=\"column-1_3 sc_column_item sc_column_item_4 even\"><div  class=\"sc_intro cardsImages  scheme_original\" style=\"height:400px;background: url(https:\/\/shenghealth.com\/wp-content\/uploads\/2023\/06\/45.Daji-.jpg);background-color: #bea0bf;\"><div class=\"sc_intro_inner  sc_intro_style_3\"><div class=\"sc_intro_content\"><\/div><\/div><\/div><div class=\"sc_section aligncenter\"><div class=\"sc_section_inner\"><div class=\"sc_item_head no_image\"><h2 class=\"sc_section_title sc_item_title sc_item_title_without_descr\">D\u00e1 j\u01d0<\/h2><div class=\"sc_section_descr sc_item_descr\">Percussion therapy<\/div><\/div><div class=\"sc_section_content_wrap\"><\/div><\/div><\/div><\/div><div class=\"column-1_3 sc_column_item sc_column_item_5 odd\"><div  class=\"sc_intro cardsImages  scheme_original\" style=\"height:400px;background: url(https:\/\/shenghealth.com\/wp-content\/uploads\/2023\/06\/45.Moxibustion.jpg);background-color: #bea0bf;\"><div class=\"sc_intro_inner  sc_intro_style_3\"><div class=\"sc_intro_content\"><\/div><\/div><\/div><div class=\"sc_section aligncenter\"><div class=\"sc_section_inner\"><div class=\"sc_item_head no_image\"><h2 class=\"sc_section_title sc_item_title sc_item_title_without_descr\">Moxibustion<\/h2><div class=\"sc_section_descr sc_item_descr\">Use of plants and fire<\/div><\/div><div class=\"sc_section_content_wrap\"><\/div><\/div><\/div><\/div><div class=\"column-1_3 sc_column_item sc_column_item_6 even\"><div  class=\"sc_intro cardsImages  scheme_original\" style=\"height:400px;background: url(https:\/\/shenghealth.com\/wp-content\/uploads\/2023\/06\/45.Acupuntura.jpg);background-color: #bea0bf;\"><div class=\"sc_intro_inner  sc_intro_style_3\"><div class=\"sc_intro_content\"><\/div><\/div><\/div><div class=\"sc_section aligncenter\"><div class=\"sc_section_inner\"><div class=\"sc_item_head no_image\"><h2 class=\"sc_section_title sc_item_title sc_item_title_without_descr\">Acupuntura<\/h2><div class=\"sc_section_descr sc_item_descr\">Precise needle insertion technique<\/div><\/div><div class=\"sc_section_content_wrap\"><\/div><\/div><\/div><\/div><div class=\"column-1_3 sc_column_item sc_column_item_7 odd\"><div  class=\"sc_intro cardsImages  scheme_original\" style=\"height:400px;background: url(https:\/\/shenghealth.com\/wp-content\/uploads\/2023\/06\/45.Fitoterapia.jpg);background-color: #bea0bf;\"><div class=\"sc_intro_inner  sc_intro_style_3\"><div class=\"sc_intro_content\"><\/div><\/div><\/div><div class=\"sc_section aligncenter\"><div class=\"sc_section_inner\"><div class=\"sc_item_head no_image\"><h2 class=\"sc_section_title sc_item_title sc_item_title_without_descr\">Phytotherapy<\/h2><div class=\"sc_section_descr sc_item_descr\">Herbal medicine<\/div><\/div><div class=\"sc_section_content_wrap\"><\/div><\/div><\/div><\/div><div class=\"column-1_3 sc_column_item sc_column_item_8 even\"><div  class=\"sc_intro cardsImages  scheme_original\" style=\"height:400px;background: url(https:\/\/shenghealth.com\/wp-content\/uploads\/2023\/06\/45.Taichi.jpg);background-color: #bea0bf;\"><div class=\"sc_intro_inner  sc_intro_style_3\"><div class=\"sc_intro_content\"><\/div><\/div><\/div><div class=\"sc_section aligncenter\"><div class=\"sc_section_inner\"><div class=\"sc_item_head no_image\"><h2 class=\"sc_section_title sc_item_title sc_item_title_without_descr\">T\u00e0ij\u00ed (Tai Ch\u00ed)<\/h2><div class=\"sc_section_descr sc_item_descr\">Chinese internal martial art for physical training, meditation, conscious breathing, and health balance.<\/div><\/div><div class=\"sc_section_content_wrap\"><\/div><\/div><\/div><\/div><div class=\"column-1_3 sc_column_item sc_column_item_9 odd\"><div  class=\"sc_intro cardsImages  scheme_original\" style=\"height:400px;background: url(https:\/\/shenghealth.com\/wp-content\/uploads\/2023\/06\/45.Qi-Gong.jpg);background-color: #bea0bf;\"><div class=\"sc_intro_inner  sc_intro_style_3\"><div class=\"sc_intro_content\"><\/div><\/div><\/div><div class=\"sc_section aligncenter\"><div class=\"sc_section_inner\"><div class=\"sc_item_head no_image\"><h2 class=\"sc_section_title sc_item_title sc_item_title_without_descr\">Q\u00ecg\u014dng<\/h2><div class=\"sc_section_descr sc_item_descr\">Qi Gong is a therapeutic art that focuses on cultivating and practicing the conscious mobilization of Qi energy through the body by means of gentle movements, breathing exercises and visualization.<\/div><\/div><div class=\"sc_section_content_wrap\"><\/div><\/div><\/div><\/div><div class=\"column-1_3 sc_column_item sc_column_item_10 even\"><div  class=\"sc_intro cardsImages  scheme_original\" style=\"height:400px;background: url(https:\/\/shenghealth.com\/wp-content\/uploads\/2023\/06\/45.-Auriculoterapia.jpg);background-color: #bea0bf;\"><div class=\"sc_intro_inner  sc_intro_style_3\"><div class=\"sc_intro_content\"><\/div><\/div><\/div><div class=\"sc_section aligncenter\"><div class=\"sc_section_inner\"><div class=\"sc_item_head no_image\"><h2 class=\"sc_section_title sc_item_title sc_item_title_without_descr\">Auriculoterapia<\/h2><div class=\"sc_section_descr sc_item_descr\">Application of pressure or microneedles<\/div><\/div><div class=\"sc_section_content_wrap\"><\/div><\/div><\/div><\/div><div class=\"column-1_3 sc_column_item sc_column_item_11 odd\"><div  class=\"sc_intro cardsImages  scheme_original\" style=\"height:400px;background: url(https:\/\/shenghealth.com\/wp-content\/uploads\/2023\/06\/45.-Acupresion.jpg);background-color: #bea0bf;\"><div class=\"sc_intro_inner  sc_intro_style_3\"><div class=\"sc_intro_content\"><\/div><\/div><\/div><div class=\"sc_section aligncenter\"><div class=\"sc_section_inner\"><div class=\"sc_item_head no_image\"><h2 class=\"sc_section_title sc_item_title sc_item_title_without_descr\">Acupresi\u00f3n<\/h2><div class=\"sc_section_descr sc_item_descr\">Point pressure<\/div><\/div><div class=\"sc_section_content_wrap\"><\/div><\/div><\/div><\/div><div class=\"column-1_3 sc_column_item sc_column_item_12 even\"><div  class=\"sc_intro cardsImages  scheme_original\" style=\"height:400px;background: url(https:\/\/shenghealth.com\/wp-content\/uploads\/2023\/06\/45.-Reprogramacion.jpg);background-color: #bea0bf;\"><div class=\"sc_intro_inner  sc_intro_style_3\"><div class=\"sc_intro_content\"><\/div><\/div><\/div><div class=\"sc_section aligncenter\"><div class=\"sc_section_inner\"><div class=\"sc_item_head no_image\"><h2 class=\"sc_section_title sc_item_title sc_item_title_without_descr\">Meditaci\u00f3n guiada<\/h2><div class=\"sc_section_descr sc_item_descr\">Reprogramming for mental objectives<\/div><\/div><div class=\"sc_section_content_wrap\"><\/div><\/div><\/div><\/div><\/div><\/div><\/div><\/div><\/div><div class=\"vc_row wpb_row vc_row-fluid\"><div class=\"wpb_column vc_column_container vc_col-sm-12\"><div class=\"vc_column-inner\"><div class=\"wpb_wrapper\"><div class=\"vc_btn3-container vc_btn3-center\" ><a class=\"vc_general vc_btn3 vc_btn3-size-md vc_btn3-shape-square vc_btn3-style-flat vc_btn3-color-purple\" href=\"https:\/\/wa.link\/o91s57\" title=\"\" target=\"_blank\" rel=\"noopener\">I want to schedule a session<\/a><\/div><\/div><\/div><\/div><\/div><div data-vc-full-width=\"true\" data-vc-full-width-init=\"false\" data-vc-stretch-content=\"true\" class=\"vc_row wpb_row vc_row-fluid formCss vc_custom_1677532456706 vc_row-has-fill\"><div class=\"wpb_column vc_column_container vc_col-sm-4\"><div class=\"vc_column-inner\"><div class=\"wpb_wrapper\">\n\t<div  class=\"wpb_single_image wpb_content_element vc_align_left\">\n\t\t\n\t\t<figure class=\"wpb_wrapper vc_figure\">\n\t\t\t<a href=\"https:\/\/shenghealth.com\/en\/\" target=\"_self\" class=\"vc_single_image-wrapper   vc_box_border_grey\"><img decoding=\"async\" width=\"300\" height=\"73\" src=\"https:\/\/shenghealth.com\/wp-content\/uploads\/2023\/02\/4-6-300x73.png\" class=\"vc_single_image-img attachment-medium\" alt=\"sheng health\" title=\"\" srcset=\"https:\/\/shenghealth.com\/wp-content\/uploads\/2023\/02\/4-6-300x73.png 300w, https:\/\/shenghealth.com\/wp-content\/uploads\/2023\/02\/4-6.png 495w\" sizes=\"(max-width: 300px) 100vw, 300px\" \/><\/a>\n\t\t<\/figure>\n\t<\/div>\n<div class=\"vc_row wpb_row vc_inner vc_row-fluid vc_custom_1677524312292\"><div class=\"wpb_column vc_column_container vc_col-sm-12\"><div class=\"vc_column-inner\"><div class=\"wpb_wrapper\"><div  class=\"vc_wp_custommenu wpb_content_element customFooter\"><div class=\"widget widget_nav_menu\"><div class=\"menu-menu-for-footer-container\"><ul id=\"menu-menu-for-footer\" class=\"menu\"><li id=\"menu-item-2276\" class=\"menu-item menu-item-type-post_type menu-item-object-page menu-item-home menu-item-2276\"><a href=\"https:\/\/shenghealth.com\/en\/\">Home Sheng<\/a><\/li>\n<li id=\"menu-item-2277\" class=\"menu-item menu-item-type-post_type menu-item-object-page menu-item-2277\"><a href=\"https:\/\/shenghealth.com\/en\/acerca-de\/\">Acerca de Nosotros<\/a><\/li>\n<li id=\"menu-item-2278\" class=\"menu-item menu-item-type-post_type menu-item-object-page menu-item-2278\"><a href=\"https:\/\/shenghealth.com\/en\/eventos-noticias\/\">News and Events<\/a><\/li>\n<li id=\"menu-item-2287\" class=\"menu-item menu-item-type-custom menu-item-object-custom menu-item-2287\"><a href=\"https:\/\/shenghealth.com\/en\/tipos-sesiones\/\">Services<\/a><\/li>\n<li id=\"menu-item-2288\" class=\"menu-item menu-item-type-custom menu-item-object-custom menu-item-2288\"><a href=\"https:\/\/shenghealth.com\/en\/cinco-elementos\/\">Blog<\/a><\/li>\n<li id=\"menu-item-2285\" class=\"menu-item menu-item-type-post_type menu-item-object-page menu-item-2285\"><a href=\"https:\/\/shenghealth.com\/en\/preguntas-frecuentes\/\">FAQ's<\/a><\/li>\n<li id=\"menu-item-3174\" class=\"menu-item menu-item-type-post_type menu-item-object-page menu-item-3174\"><a href=\"https:\/\/shenghealth.com\/en\/podcast-2\/\">Podcast<\/a><\/li>\n<li id=\"menu-item-3461\" class=\"menu-item menu-item-type-post_type menu-item-object-page menu-item-3461\"><a href=\"https:\/\/shenghealth.com\/en\/retiro-renueva-tu-energia\/\">Renew your Energy Retreat<\/a><\/li>\n<li id=\"menu-item-3717\" class=\"menu-item menu-item-type-post_type menu-item-object-page menu-item-3717\"><a href=\"https:\/\/shenghealth.com\/en\/explorando-el-qi-excursion-china\/\">Exploring QI - Chinese Workshop and Excursion<\/a><\/li>\n<li id=\"menu-item-3751\" class=\"menu-item menu-item-type-post_type menu-item-object-page menu-item-3751\"><a href=\"https:\/\/shenghealth.com\/en\/taller-de-auriculoterapia\/\">Auriculotherapy Workshop.<\/a><\/li>\n<li id=\"menu-item-3788\" class=\"menu-item menu-item-type-post_type menu-item-object-page menu-item-3788\"><a href=\"https:\/\/shenghealth.com\/en\/tienda\/\">TIENDA<\/a><\/li>\n<li id=\"menu-item-3828\" class=\"menu-item menu-item-type-post_type menu-item-object-page menu-item-3828\"><a href=\"https:\/\/shenghealth.com\/en\/terminos-y-condiciones\/\">T\u00e9rminos y Condiciones<\/a><\/li>\n<li id=\"menu-item-3837\" class=\"menu-item menu-item-type-post_type menu-item-object-page menu-item-privacy-policy menu-item-3837\"><a rel=\"privacy-policy\" href=\"https:\/\/shenghealth.com\/en\/politicas-de-privacidad\/\">Politicas de Privacidad<\/a><\/li>\n<li id=\"menu-item-3898\" class=\"menu-item menu-item-type-post_type menu-item-object-page menu-item-3898\"><a href=\"https:\/\/shenghealth.com\/en\/3897-2\/\">Tienda<\/a><\/li>\n<\/ul><\/div><\/div><\/div><\/div><\/div><\/div><\/div><\/div><\/div><\/div><div class=\"wpb_column vc_column_container vc_col-sm-4\"><div class=\"vc_column-inner\"><div class=\"wpb_wrapper\"><h3 class=\"sc_title sc_title_regular margin_top_tiny\">Contact information<\/h3><div class=\"sc_line sc_line_position_center_center sc_line_style_dotted margin_top_null margin_bottom_null\" style=\"border-top-style:dotted;border-top-color:#d3b9a3;\"><\/div><div class=\"vc_empty_space\"   style=\"height: 1em\"><span class=\"vc_empty_space_inner\"><\/span><\/div><ul class=\"sc_list sc_list_style_iconed\"><li class=\"sc_list_item odd first\" title=\"176 W street name, New York, NY 10014\"><span class=\"sc_list_icon icon-house204\" style=\"color:#af8e71;\"><\/span><div class=\"wpb_text_column wpb_content_element\" >\n\t\t<div class=\"wpb_wrapper\">\n\t\t\t\n\t\t<\/div>\n\t<\/div><\/li><li class=\"sc_list_item even\" title=\"Contact Us: contact@shenghealth.com\"><a href=\"mailto:contact@shenghealth.com\"><span class=\"sc_list_icon icon-mail2\" style=\"color:#af8e71;\"><\/span>Contact Us: contact@shenghealth.com<\/a><\/li><li class=\"sc_list_item odd\" title=\"Call Us: (+57) 3147422705\"><a href=\"tel:(+57)%203147422705\"><span class=\"sc_list_icon icon-phone14\" style=\"color:#af8e71;\"><\/span>Call Us: (+57) 3147422705<\/a><\/li><\/ul><\/div><\/div><\/div><div class=\"wpb_column vc_column_container vc_col-sm-4 vc_hidden-xs\"><div class=\"vc_column-inner\"><div class=\"wpb_wrapper\"><h3 class=\"sc_title sc_title_regular margin_top_tiny\">Our Gallery<\/h3><div class=\"sc_line sc_line_position_center_center sc_line_style_dotted margin_top_null margin_bottom_null\" style=\"border-top-style:dotted;border-top-color:#d3b9a3;\"><\/div><div class=\"vc_empty_space\"   style=\"height: 1em\"><span class=\"vc_empty_space_inner\"><\/span><\/div>\n<div class=\"vc_grid-container-wrapper vc_clearfix vc_grid-animation-fadeIn\">\n\t<div class=\"vc_grid-container vc_clearfix wpb_content_element vc_media_grid\" data-initial-loading-animation=\"fadeIn\" data-vc-grid-settings=\"{&quot;page_id&quot;:30,&quot;style&quot;:&quot;all&quot;,&quot;action&quot;:&quot;vc_get_vc_grid_data&quot;,&quot;shortcode_id&quot;:&quot;1687468650993-715fb4e94f6a3358987b5511d6a0a534-10&quot;,&quot;tag&quot;:&quot;vc_media_grid&quot;}\" data-vc-request=\"https:\/\/shenghealth.com\/wp-admin\/admin-ajax.php\" data-vc-post-id=\"30\" data-vc-public-nonce=\"4e1e85aa73\">\n\t\t\n\t<\/div>\n<\/div><\/div><\/div><\/div><\/div><div class=\"vc_row-full-width vc_clearfix\"><\/div>","protected":false},"excerpt":{"rendered":"Todas las terapias est\u00e1n enfocadas en estimular los puntos y canales de energ\u00eda para armonizar y balancear la energ\u00eda:Tui N\u00e1TRADUCE EMPUJAR Y AGARRAR.Gu\u0101sh\u0101T\u00e9cnica de rasparB\u00e1 Hu\u01d2 Gu\u00e0nHace uso del fuego [...]","protected":false},"author":1,"featured_media":0,"parent":0,"menu_order":0,"comment_status":"closed","ping_status":"closed","template":"","meta":{"footnotes":""},"class_list":["post-30","page","type-page","status-publish","hentry"],"_links":{"self":[{"href":"https:\/\/shenghealth.com\/en\/wp-json\/wp\/v2\/pages\/30","targetHints":{"allow":["GET"]}}],"collection":[{"href":"https:\/\/shenghealth.com\/en\/wp-json\/wp\/v2\/pages"}],"about":[{"href":"https:\/\/shenghealth.com\/en\/wp-json\/wp\/v2\/types\/page"}],"author":[{"embeddable":true,"href":"https:\/\/shenghealth.com\/en\/wp-json\/wp\/v2\/users\/1"}],"replies":[{"embeddable":true,"href":"https:\/\/shenghealth.com\/en\/wp-json\/wp\/v2\/comments?post=30"}],"version-history":[{"count":41,"href":"https:\/\/shenghealth.com\/en\/wp-json\/wp\/v2\/pages\/30\/revisions"}],"predecessor-version":[{"id":3071,"href":"https:\/\/shenghealth.com\/en\/wp-json\/wp\/v2\/pages\/30\/revisions\/3071"}],"wp:attachment":[{"href":"https:\/\/shenghealth.com\/en\/wp-json\/wp\/v2\/media?parent=30"}],"curies":[{"name":"wp","href":"https:\/\/api.w.org\/{rel}","templated":true}]}}