{"id":3172,"date":"2023-07-12T15:42:27","date_gmt":"2023-07-12T15:42:27","guid":{"rendered":"https:\/\/shenghealth.com\/?page_id=3172"},"modified":"2025-12-08T18:34:12","modified_gmt":"2025-12-08T18:34:12","slug":"podcast-2","status":"publish","type":"page","link":"https:\/\/shenghealth.com\/en\/podcast-2\/","title":{"rendered":"Podcast"},"content":{"rendered":"<div class=\"vc_row wpb_row vc_row-fluid\"><div class=\"wpb_column vc_column_container vc_col-sm-12\"><div class=\"vc_column-inner\"><div class=\"wpb_wrapper\">\n\t<div class=\"wpb_raw_code wpb_content_element wpb_raw_html\" >\n\t\t<div class=\"wpb_wrapper\">\n\t\t\t<!-- BANNER FULL WIDTH AISLADO -->\n<div id=\"sheng-banner-fullwidth-isolated-v1\">\n  <style>\n    \/* Aislamiento del banner - Reseteo de estilos *\/\n    #sheng-banner-fullwidth-isolated-v1 {\n      all: initial;\n      display: block !important;\n      width: 100vw !important;\n      position: relative !important;\n      left: 50% !important;\n      right: 50% !important;\n      margin-left: -50vw !important;\n      margin-right: -50vw !important;\n      margin-top: 0 !important;\n      margin-bottom: 0 !important;\n      padding: 0 !important;\n      box-sizing: border-box !important;\n      z-index: 1 !important;\n      overflow: hidden !important;\n    }\n\n    \/* Contenedor del banner *\/\n    #sheng-banner-fullwidth-isolated-v1 .banner-container {\n      width: 100% !important;\n      height: auto !important;\n      position: relative !important;\n      display: block !important;\n      margin: 0 !important;\n      padding: 0 !important;\n      box-sizing: border-box !important;\n    }\n\n    \/* Imagen del banner *\/\n    #sheng-banner-fullwidth-isolated-v1 .banner-image {\n      width: 100% !important;\n      height: 500px !important;\n      display: block !important;\n      margin: 0 !important;\n      padding: 0 !important;\n      border: none !important;\n      outline: none !important;\n      box-shadow: none !important;\n      object-fit: cover !important;\n      max-width: 100% !important;\n    }\n\n    \/* Responsivo - Tablets *\/\n    @media (max-width: 1024px) {\n      #sheng-banner-fullwidth-isolated-v1 .banner-image {\n        height: 220px !important;\n      }\n    }\n\n    \/* Responsivo - M\u00f3viles *\/\n    @media (max-width: 768px) {\n      #sheng-banner-fullwidth-isolated-v1 .banner-image {\n        height: 180px !important;\n      }\n    }\n  <\/style>\n\n  <div class=\"banner-container\">\n    <!-- CAMBIA ESTA URL POR TU IMAGEN -->\n    <img decoding=\"async\" \n      src=\"https:\/\/shenghealth.com\/wp-content\/uploads\/2025\/12\/podcas-img5.jpg\" \n      alt=\"Banner Full Width\"\n      class=\"banner-image\"\n    >\n  <\/div>\n<\/div>\n\n\n\n\t\t<\/div>\n\t<\/div>\n<\/div><\/div><\/div><\/div><div class=\"vc_row wpb_row vc_row-fluid vc_custom_1689193873747\"><div class=\"wpb_column vc_column_container vc_col-sm-12\"><div class=\"vc_column-inner\"><div class=\"wpb_wrapper\">\n\t<div class=\"wpb_text_column wpb_content_element\" >\n\t\t<div class=\"wpb_wrapper\">\n\t\t\t<h2 style=\"text-align: center;\">Welcome to the Sheng Health Podcast!<\/h2>\n<p><img decoding=\"async\" class=\"size-full wp-image-2758 aligncenter\" src=\"https:\/\/shenghealth.com\/wp-content\/uploads\/2023\/06\/Mesa-de-trabajo-1_8.png\" alt=\"sheng health\" width=\"250\" height=\"50\" \/><\/p>\n<p>Aqu\u00ed <strong>encontrar\u00e1s un tesoro de conocimientos<\/strong> sobre <strong>salud, bienestar<\/strong> y la fascinante historia de <strong><a href=\"https:\/\/open.spotify.com\/show\/18XBf3oe6lHdNPjN7J1iNH\" target=\"_blank\" rel=\"noopener\">la Medicina Tradicional China<\/a>.<\/strong> \u00bfEst\u00e1s listo para embarcarte en un viaje hacia el equilibrio y la armon\u00eda?<\/p>\n<p>Nuestro objetivo es brindarte informaci\u00f3n valiosa y pr\u00e1ctica que te ayudar\u00e1 a comprender y aprovechar <strong>los beneficios de la <a href=\"https:\/\/shenghealth.com\/en\/\">Medicina Oriental<\/a> en tu vida diaria.<\/strong><\/p>\n<p>\u00bfSab\u00edas que la medicina tradicional china <strong>NO<\/strong> solo se centra <em>en tratar enfermedades<\/em>, sino tambi\u00e9n <strong>en prevenirlas<\/strong>? Exploraremos t\u00e9cnicas y consejos para fortalecer tu sistema inmunol\u00f3gico, equilibrar tus energ\u00edas y mantener un estado de salud \u00f3ptimo.<\/p>\n\n\t\t<\/div>\n\t<\/div>\n\n\t<div class=\"wpb_raw_code wpb_content_element wpb_raw_html\" >\n\t\t<div class=\"wpb_wrapper\">\n\t\t\t<!DOCTYPE html>\n<html lang=\"es\">\n<head>\n  <meta charset=\"UTF-8\" \/>\n  <meta name=\"viewport\" content=\"width=device-width, initial-scale=1.0\" \/>\n  <title>Mis Podcasts de Spotify<\/title>\n  <link href=\"https:\/\/fonts.googleapis.com\/css2?family=Inter:wght@400;500;600;700;800&display=swap\" rel=\"stylesheet\" \/>\n  <style>\n    \/* Widget de Podcasts de Spotify *\/\n    .spotify-podcast-container {\n      font-family: 'Inter', sans-serif;\n      background-color: #f7f7f700;\n      padding: 20px;\n      box-sizing: border-box;\n      max-width: 1200px;\n      margin: 0 auto;\n    }\n\n    .spotify-podcast-header {\n      text-align: center;\n      margin-bottom: 30px;\n    }\n\n    .spotify-podcast-header h2 {\n      font-size: 2em;\n      font-weight: 800;\n      color: #633369; \/* Spotify Green *\/\n      margin: 0 0 10px 0;\n      text-shadow: 0 2px 4px rgba(0,0,0,0.1);\n    }\n\n    .spotify-podcast-header p {\n      font-size: 1em;\n      color: #666;\n      margin: 0;\n    }\n\n    .spotify-podcast-grid {\n      display: grid;\n      grid-template-columns: repeat(auto-fit, minmax(280px, 1fr));\n      gap: 20px;\n      margin-bottom: 20px;\n    }\n\n    @media (min-width: 1050px) {\n      .spotify-podcast-grid {\n        grid-template-columns: repeat(3, 1fr);\n      }\n    }\n\n    @media (max-width: 768px) {\n      .spotify-podcast-grid {\n        grid-template-columns: 1fr;\n        gap: 15px;\n      }\n      \n      .spotify-podcast-container {\n        padding: 15px 10px;\n      }\n\n      .spotify-podcast-card {\n        max-width: 100%;\n        margin: 0 auto;\n      }\n\n      .spotify-podcast-header h2 {\n        font-size: 1.5em;\n      }\n\n      .spotify-podcast-header p {\n        font-size: 0.9em;\n      }\n    }\n\n    @media (max-width: 480px) {\n      .spotify-podcast-container {\n        padding: 10px 5px;\n      }\n\n      .spotify-podcast-grid {\n        gap: 12px;\n      }\n\n      .spotify-podcast-header h2 {\n        font-size: 1.3em;\n      }\n\n      .spotify-podcast-info {\n        padding: 12px;\n      }\n\n      .spotify-podcast-title {\n        font-size: 1em;\n      }\n\n      .spotify-podcast-description {\n        font-size: 0.85em;\n      }\n\n      .spotify-link-button {\n        padding: 10px 24px;\n        font-size: 0.9em;\n        max-width: 220px;\n      }\n    }\n\n    .spotify-podcast-card {\n      background-color: #fff;\n      border-radius: 12px;\n      box-shadow: 0 4px 10px rgba(0, 0, 0, 0.08);\n      overflow: hidden;\n      transition: transform 0.2s ease, box-shadow 0.2s ease;\n      display: flex;\n      flex-direction: column;\n    }\n\n    .spotify-podcast-card:hover {\n      transform: translateY(-4px);\n      box-shadow: 0 8px 20px rgba(29, 185, 84, 0.15);\n    }\n\n    .spotify-podcast-embed {\n      width: 100%;\n      height: 232px;\n      border: none;\n      border-radius: 12px 12px 0 0;\n    }\n\n    .spotify-podcast-info {\n      padding: 15px;\n      flex-grow: 1;\n      display: flex;\n      flex-direction: column;\n    }\n\n    .spotify-podcast-title {\n      font-size: 1.1em;\n      font-weight: 700;\n      color: #191414; \/* Spotify Black *\/\n      margin: 0 0 8px 0;\n      line-height: 1.3;\n    }\n\n    .spotify-podcast-description {\n      font-size: 0.9em;\n      color: #666;\n      line-height: 1.5;\n      margin: 0 0 15px 0;\n      flex-grow: 1;\n    }\n\n    .spotify-podcast-meta {\n      display: flex;\n      align-items: center;\n      justify-content: space-between;\n      font-size: 0.85em;\n      color: #999;\n      padding-top: 10px;\n      border-top: 1px solid #f0f0f0;\n    }\n\n    .spotify-podcast-date {\n      display: flex;\n      align-items: center;\n      gap: 5px;\n    }\n\n    .spotify-podcast-date svg {\n      width: 14px;\n      height: 14px;\n    }\n\n    .spotify-podcast-duration {\n      display: flex;\n      align-items: center;\n      gap: 5px;\n    }\n\n    .spotify-podcast-duration svg {\n      width: 14px;\n      height: 14px;\n    }\n\n    .spotify-link-button {\n      display: inline-block;\n      background: linear-gradient(135deg, #ffffff, #1ed760);\n      color: white;\n      padding: 12px 30px;\n      border-radius: 999px;\n      text-decoration: none;\n      font-weight: 700;\n      font-size: 1em;\n      text-align: center;\n      transition: transform 0.2s ease, box-shadow 0.2s ease;\n      box-shadow: 0 4px 12px rgba(0, 0, 0, 0.3);\n      margin: 20px auto 0;\n      display: block;\n      max-width: 250px;\n    }\n\n    .spotify-link-button:hover {\n      transform: scale(1.05);\n      box-shadow: 0 6px 16px rgba(29, 185, 84, 0.4);\n    }\n\n    .spotify-link-button svg {\n      width: 20px;\n      height: 20px;\n      vertical-align: middle;\n      margin-right: 8px;\n    }\n\n    \/* Placeholder cards para cuando no hay embeds *\/\n    .spotify-podcast-placeholder {\n      background: linear-gradient(135deg, #1DB954, #1ed760);\n      height: 232px;\n      display: flex;\n      align-items: center;\n      justify-content: center;\n      color: white;\n      font-size: 3em;\n      border-radius: 12px 12px 0 0;\n    }\n  <\/style>\n<\/head>\n<body>\n  <div class=\"spotify-podcast-container\">\n    <div class=\"spotify-podcast-header\">\n      <p>Escucha los episodios m\u00e1s recientes directamente desde aqu\u00ed<\/p>\n    <\/div>\n\n    <div class=\"spotify-podcast-grid\">\n      <!-- Podcast Card 1 -->\n      <div class=\"spotify-podcast-card\">\n        <iframe \n          data-testid=\"embed-iframe\" \n          style=\"border-radius:12px\" \n          src=\"https:\/\/open.spotify.com\/embed\/episode\/0lA3PWww1qJYiXny0mC7s6?utm_source=generator\" \n          width=\"100%\" \n          height=\"352\" \n          frameborder=\"0\" \n          allowfullscreen=\"\" \n          allow=\"autoplay; clipboard-write; encrypted-media; fullscreen; picture-in-picture\" \n          loading=\"lazy\">\n        <\/iframe>\n        <div class=\"spotify-podcast-info\">\n          <h3 class=\"spotify-podcast-title\">Estr\u00e9s: M\u00e1s all\u00e1 del cuerpo y la mente.<\/h3>\n          <p class=\"spotify-podcast-description\">\n            El estr\u00e9s no solo nos roba la calma, tambi\u00e9n nos desconecta de nuestro verdadero hogar: el cuerpo, la mente y el esp\u00edritu en unidad.\n          <\/p>\n          <div class=\"spotify-podcast-meta\">\n            <span class=\"spotify-podcast-date\">\n              <svg xmlns=\"http:\/\/www.w3.org\/2000\/svg\" fill=\"none\" viewbox=\"0 0 24 24\" stroke=\"currentColor\">\n                <path stroke-linecap=\"round\" stroke-linejoin=\"round\" stroke-width=\"2\" d=\"M8 7V3m8 4V3m-9 8h10M5 21h14a2 2 0 002-2V7a2 2 0 00-2-2H5a2 2 0 00-2 2v12a2 2 0 002 2z\" \/>\n              <\/svg>\n              Jun 2025\n            <\/span>\n            <span class=\"spotify-podcast-duration\">\n              <svg xmlns=\"http:\/\/www.w3.org\/2000\/svg\" fill=\"none\" viewbox=\"0 0 24 24\" stroke=\"currentColor\">\n                <path stroke-linecap=\"round\" stroke-linejoin=\"round\" stroke-width=\"2\" d=\"M12 8v4l3 3m6-3a9 9 0 11-18 0 9 9 0 0118 0z\" \/>\n              <\/svg>\n              4 min\n            <\/span>\n          <\/div>\n        <\/div>\n      <\/div>\n\n      <!-- Podcast Card 2 -->\n      <div class=\"spotify-podcast-card\">\n        <iframe \n          data-testid=\"embed-iframe\" \n          style=\"border-radius:12px\" \n          src=\"https:\/\/open.spotify.com\/embed\/episode\/2smhGmOB1sUXqmF6X4igdW?utm_source=generator\" \n          width=\"100%\" \n          height=\"352\" \n          frameborder=\"0\" \n          allowfullscreen=\"\" \n          allow=\"autoplay; clipboard-write; encrypted-media; fullscreen; picture-in-picture\" \n          loading=\"lazy\">\n        <\/iframe>\n        <div class=\"spotify-podcast-info\">\n          <h3 class=\"spotify-podcast-title\">Sanar no es f\u00e1cil...pero vale la pena<\/h3>\n          <p class=\"spotify-podcast-description\">\nHay testimonios que no solo inspiran\u2026 tambi\u00e9n despiertan conciencia.\nEn este nuevo episodio, un paciente y familiar cercano, nos comparte c\u00f3mo el exceso de peso f\u00edsico y emocional lo llev\u00f3 a buscar respuestas m\u00e1s all\u00e1 de lo convencional.          <\/p>\n          <div class=\"spotify-podcast-meta\">\n            <span class=\"spotify-podcast-date\">\n              <svg xmlns=\"http:\/\/www.w3.org\/2000\/svg\" fill=\"none\" viewbox=\"0 0 24 24\" stroke=\"currentColor\">\n                <path stroke-linecap=\"round\" stroke-linejoin=\"round\" stroke-width=\"2\" d=\"M8 7V3m8 4V3m-9 8h10M5 21h14a2 2 0 002-2V7a2 2 0 00-2-2H5a2 2 0 00-2 2v12a2 2 0 002 2z\" \/>\n              <\/svg>\n              May 2025\n            <\/span>\n            <span class=\"spotify-podcast-duration\">\n              <svg xmlns=\"http:\/\/www.w3.org\/2000\/svg\" fill=\"none\" viewbox=\"0 0 24 24\" stroke=\"currentColor\">\n                <path stroke-linecap=\"round\" stroke-linejoin=\"round\" stroke-width=\"2\" d=\"M12 8v4l3 3m6-3a9 9 0 11-18 0 9 9 0 0118 0z\" \/>\n              <\/svg>\n              13 min\n            <\/span>\n          <\/div>\n        <\/div>\n      <\/div>\n\n      <!-- Podcast Card 3 -->\n      <div class=\"spotify-podcast-card\">\n        <iframe \n          data-testid=\"embed-iframe\" \n          style=\"border-radius:12px\" \n          src=\"https:\/\/open.spotify.com\/embed\/episode\/1NUHVlisbIq3qsGw0T6Vot?utm_source=generator\" \n          width=\"100%\" \n          height=\"352\" \n          frameborder=\"0\" \n          allowfullscreen=\"\" \n          allow=\"autoplay; clipboard-write; encrypted-media; fullscreen; picture-in-picture\" \n          loading=\"lazy\">\n        <\/iframe>\n        <div class=\"spotify-podcast-info\">\n          <h3 class=\"spotify-podcast-title\">Volver al Origen: Lo que NO nos ense\u00f1an de la Medicina Oriental en Occidente<\/h3>\n          <p class=\"spotify-podcast-description\">\n            \u00bfQu\u00e9 pasa cuando un maestro regresa a China, al lugar donde comenz\u00f3 su camino de sanaci\u00f3n, y lo mira ahora desde la experiencia, la madurez y la conciencia despierta?\n          <\/p>\n          <div class=\"spotify-podcast-meta\">\n            <span class=\"spotify-podcast-date\">\n              <svg xmlns=\"http:\/\/www.w3.org\/2000\/svg\" fill=\"none\" viewbox=\"0 0 24 24\" stroke=\"currentColor\">\n                <path stroke-linecap=\"round\" stroke-linejoin=\"round\" stroke-width=\"2\" d=\"M8 7V3m8 4V3m-9 8h10M5 21h14a2 2 0 002-2V7a2 2 0 00-2-2H5a2 2 0 00-2 2v12a2 2 0 002 2z\" \/>\n              <\/svg>\n              May 2025\n            <\/span>\n            <span class=\"spotify-podcast-duration\">\n              <svg xmlns=\"http:\/\/www.w3.org\/2000\/svg\" fill=\"none\" viewbox=\"0 0 24 24\" stroke=\"currentColor\">\n                <path stroke-linecap=\"round\" stroke-linejoin=\"round\" stroke-width=\"2\" d=\"M12 8v4l3 3m6-3a9 9 0 11-18 0 9 9 0 0118 0z\" \/>\n              <\/svg>\n              4 min\n            <\/span>\n          <\/div>\n        <\/div>\n      <\/div>\n\n      <!-- Podcast Card 4 -->\n      <div class=\"spotify-podcast-card\">\n        <iframe \n          data-testid=\"embed-iframe\" \n          style=\"border-radius:12px\" \n          src=\"https:\/\/open.spotify.com\/embed\/episode\/5kmDKtoLZ432K5hqAE3rtM?utm_source=generator\" \n          width=\"100%\" \n          height=\"352\" \n          frameborder=\"0\" \n          allowfullscreen=\"\" \n          allow=\"autoplay; clipboard-write; encrypted-media; fullscreen; picture-in-picture\" \n          loading=\"lazy\">\n        <\/iframe>\n        <div class=\"spotify-podcast-info\">\n          <h3 class=\"spotify-podcast-title\">La verdadera sanaci\u00f3n no es lo que crees<\/h3>\n          <p class=\"spotify-podcast-description\">\nEn este episodio exploramos la Medicina Sheng, una medicina del alma y la energ\u00eda que no busca forzar caminos, sino restaurar el equilibrio natural.          <\/p>\n          <div class=\"spotify-podcast-meta\">\n            <span class=\"spotify-podcast-date\">\n              <svg xmlns=\"http:\/\/www.w3.org\/2000\/svg\" fill=\"none\" viewbox=\"0 0 24 24\" stroke=\"currentColor\">\n                <path stroke-linecap=\"round\" stroke-linejoin=\"round\" stroke-width=\"2\" d=\"M8 7V3m8 4V3m-9 8h10M5 21h14a2 2 0 002-2V7a2 2 0 00-2-2H5a2 2 0 00-2 2v12a2 2 0 002 2z\" \/>\n              <\/svg>\n              Feb 2025\n            <\/span>\n            <span class=\"spotify-podcast-duration\">\n              <svg xmlns=\"http:\/\/www.w3.org\/2000\/svg\" fill=\"none\" viewbox=\"0 0 24 24\" stroke=\"currentColor\">\n                <path stroke-linecap=\"round\" stroke-linejoin=\"round\" stroke-width=\"2\" d=\"M12 8v4l3 3m6-3a9 9 0 11-18 0 9 9 0 0118 0z\" \/>\n              <\/svg>\n              4 min\n            <\/span>\n          <\/div>\n        <\/div>\n      <\/div>\n\n      <!-- Puedes agregar m\u00e1s cards aqu\u00ed -->\n    <\/div>\n\n    <!-- Bot\u00f3n para ver todos los podcasts en Spotify -->\n    <a href=\"https:\/\/open.spotify.com\/show\/18XBf3oe6lHdNPjN7J1iNH\" target=\"_blank\" class=\"spotify-link-button\" rel=\"noopener\">\n      <svg role=\"img\" viewbox=\"0 0 24 24\" xmlns=\"http:\/\/www.w3.org\/2000\/svg\" fill=\"currentColor\">\n        <path d=\"M12 0C5.4 0 0 5.4 0 12s5.4 12 12 12 12-5.4 12-12S18.66 0 12 0zm5.521 17.34c-.24.359-.66.48-1.021.24-2.82-1.74-6.36-2.101-10.561-1.141-.418.122-.779-.179-.899-.539-.12-.421.18-.78.54-.9 4.56-1.021 8.52-.6 11.64 1.32.42.18.479.659.301 1.02zm1.44-3.3c-.301.42-.841.6-1.262.3-3.239-1.98-8.159-2.58-11.939-1.38-.479.12-1.02-.12-1.14-.6-.12-.48.12-1.021.6-1.141C9.6 9.9 15 10.561 18.72 12.84c.361.181.54.78.241 1.2zm.12-3.36C15.24 8.4 8.82 8.16 5.16 9.301c-.6.179-1.2-.181-1.38-.721-.18-.601.18-1.2.72-1.381 4.26-1.26 11.28-1.02 15.721 1.621.539.3.719 1.02.419 1.56-.299.421-1.02.599-1.559.3z\"\/>\n      <\/svg>\n      Ver Todos en Spotify\n    <\/a>\n  <\/div>\n\n  <script>\n    \/\/ Script opcional para cargar podcasts din\u00e1micamente\n    \/\/ Puedes usar la API de Spotify para obtener los episodios m\u00e1s recientes\n    \n    \/\/ Ejemplo de c\u00f3mo podr\u00edas estructurar los datos\n    const podcasts = [\n      {\n        episodeId: 'TU_EPISODE_ID_1',\n        title: 'T\u00edtulo del Episodio 1',\n        description: 'Breve descripci\u00f3n del episodio...',\n        date: 'Nov 2025',\n        duration: '45 min'\n      },\n      \/\/ M\u00e1s episodios...\n    ];\n\n    \/\/ Funci\u00f3n para generar cards din\u00e1micamente (opcional)\n    function loadPodcasts() {\n      \/\/ Implementaci\u00f3n futura si necesitas cargar desde API\n      console.log('Podcasts cargados desde Spotify');\n    }\n\n    \/\/ Ejecutar al cargar la p\u00e1gina\n    document.addEventListener('DOMContentLoaded', function() {\n      console.log('Widget de Spotify Podcasts cargado');\n    });\n  <\/script>\n<\/body>\n<\/html>\n\n\t\t<\/div>\n\t<\/div>\n<\/div><\/div><\/div><\/div>","protected":false},"excerpt":{"rendered":"\u00a1Bienvenidos al Podcast de Sheng Health! Aqu\u00ed encontrar\u00e1s un tesoro de conocimientos sobre salud, bienestar y la fascinante historia de la Medicina Tradicional China. \u00bfEst\u00e1s listo para embarcarte en un [...]","protected":false},"author":1,"featured_media":0,"parent":0,"menu_order":0,"comment_status":"closed","ping_status":"closed","template":"","meta":{"footnotes":""},"class_list":["post-3172","page","type-page","status-publish","hentry"],"_links":{"self":[{"href":"https:\/\/shenghealth.com\/en\/wp-json\/wp\/v2\/pages\/3172","targetHints":{"allow":["GET"]}}],"collection":[{"href":"https:\/\/shenghealth.com\/en\/wp-json\/wp\/v2\/pages"}],"about":[{"href":"https:\/\/shenghealth.com\/en\/wp-json\/wp\/v2\/types\/page"}],"author":[{"embeddable":true,"href":"https:\/\/shenghealth.com\/en\/wp-json\/wp\/v2\/users\/1"}],"replies":[{"embeddable":true,"href":"https:\/\/shenghealth.com\/en\/wp-json\/wp\/v2\/comments?post=3172"}],"version-history":[{"count":23,"href":"https:\/\/shenghealth.com\/en\/wp-json\/wp\/v2\/pages\/3172\/revisions"}],"predecessor-version":[{"id":4087,"href":"https:\/\/shenghealth.com\/en\/wp-json\/wp\/v2\/pages\/3172\/revisions\/4087"}],"wp:attachment":[{"href":"https:\/\/shenghealth.com\/en\/wp-json\/wp\/v2\/media?parent=3172"}],"curies":[{"name":"wp","href":"https:\/\/api.w.org\/{rel}","templated":true}]}}