{"id":32,"date":"2016-08-22T08:48:38","date_gmt":"2016-08-22T08:48:38","guid":{"rendered":"http:\/\/shenghealth.com\/?page_id=32"},"modified":"2025-11-18T23:27:35","modified_gmt":"2025-11-18T23:27:35","slug":"shop","status":"publish","type":"page","link":"https:\/\/shenghealth.com\/en\/shop\/","title":{"rendered":""},"content":{"rendered":"<div class=\"vc_row wpb_row vc_row-fluid\"><div class=\"wpb_column vc_column_container vc_col-sm-12\"><div class=\"vc_column-inner\"><div class=\"wpb_wrapper\">\n\t<div class=\"wpb_text_column wpb_content_element\" >\n\t\t<div class=\"wpb_wrapper\">\n\t\t\t\n\t\t<\/div>\n\t<\/div>\n\n\t<div class=\"wpb_raw_code wpb_content_element wpb_raw_html\" id=\"Libro\">\n\t\t<div class=\"wpb_wrapper\">\n\t\t\t<div class=\"sheng-libro-wrapper\">\n  <style>\n    \/* Full-width en m\u00f3viles para romper los m\u00e1rgenes del tema *\/\n    @media (max-width: 991.98px) {\n      .sheng-libro-wrapper {\n        width: 100vw !important;\n        margin-left: calc(-50vw + 50%) !important;\n        margin-right: calc(-50vw + 50%) !important;\n        padding: 0 !important;\n        box-sizing: border-box;\n      }\n\n      \/* Padding lateral solo a la imagen en m\u00f3viles *\/\n      #sheng-tienda-libro-no-container .producto-imagen {\n        padding: 0 6px;\n        box-sizing: border-box;\n      }\n    }\n\n    #sheng-tienda-libro-no-container {\n      width: 100%;\n      margin: 0;\n      padding: 0;\n      box-sizing: border-box;\n      font-family: 'Segoe UI', Tahoma, Geneva, Verdana, sans-serif;\n      color: #212529;\n    }\n\n    #sheng-tienda-libro-no-container .producto-card {\n      display: flex;\n      flex-direction: column;\n      gap: 25px;\n      width: 100%;\n      padding: 30px 0;\n      box-sizing: border-box;\n      align-items: center;\n    }\n\n    #sheng-tienda-libro-no-container .producto-imagen img {\n      width: 100%;\n      max-width: 100%;\n      height: auto;\n      border-radius: 12px;\n      display: block;\n    }\n\n    #sheng-tienda-libro-no-container .producto-info {\n      width: 100%;\n      display: flex;\n      flex-direction: column;\n      align-items: center;\n      text-align: center;\n      padding: 0 20px;\n      box-sizing: border-box;\n    }\n\n    #sheng-tienda-libro-no-container .producto-nombre {\n      font-size: 1.6rem;\n      color: #6b4d7a;\n      margin: 0 0 15px 0;\n      line-height: 1.3;\n      text-align: center;\n    }\n\n    #sheng-tienda-libro-no-container .producto-descripcion {\n      color: #555;\n      font-size: 1rem;\n      line-height: 1.6;\n      margin: 0 0 20px 0;\n      width: 100%;\n      max-width: 600px;\n    }\n\n    #sheng-tienda-libro-no-container .producto-precio {\n      font-size: 1.4rem;\n      font-weight: 700;\n      color: #3a7d44;\n      margin: 0 0 20px 0;\n    }\n\n    #sheng-tienda-libro-no-container .producto-btn {\n      display: block;\n      width: 100%;\n      max-width: 220px;\n      background: #8e6f9c;\n      color: white;\n      padding: 14px;\n      border-radius: 30px;\n      text-decoration: none;\n      font-weight: 600;\n      font-size: 1rem;\n      transition: all 0.3s ease;\n      border: 2px solid transparent;\n      text-align: center;\n      cursor: pointer;\n      margin: 0 auto;\n    }\n\n    #sheng-tienda-libro-no-container .producto-btn:hover {\n      background: transparent;\n      color: #8e6f9c;\n      border-color: #8e6f9c;\n      transform: translateY(-2px);\n    }\n\n    \/* === Escritorio: sin cambios === *\/\n    @media (min-width: 992px) {\n      #sheng-tienda-libro-no-container .producto-card {\n        flex-direction: row;\n        align-items: flex-start;\n        gap: 50px;\n        padding: 40px 0;\n        max-width: 1200px;\n        margin: 0 auto;\n        width: 100%;\n      }\n\n      #sheng-tienda-libro-no-container .producto-imagen {\n        flex: 0 0 300px;\n        \/* Sin padding en escritorio *\/\n      }\n\n      #sheng-tienda-libro-no-container .producto-info {\n        flex: 1;\n        align-items: flex-start;\n        text-align: left;\n        padding: 0;\n      }\n\n      #sheng-tienda-libro-no-container .producto-nombre {\n        font-size: 1.8rem;\n        text-align: left;\n      }\n\n      #sheng-tienda-libro-no-container .producto-descripcion {\n        font-size: 1.05rem;\n        text-align: left;\n      }\n\n      #sheng-tienda-libro-no-container .producto-precio {\n        font-size: 1.5rem;\n        text-align: left;\n      }\n\n      #sheng-tienda-libro-no-container .producto-btn {\n        width: fit-content;\n        margin: 0;\n        padding: 14px 32px;\n        font-size: 1.1rem;\n      }\n    }\n  <\/style>\n\n  <div id=\"sheng-tienda-libro-no-container\">\n    <div class=\"producto-card\">\n      <div class=\"producto-imagen\">\n        <img decoding=\"async\" src=\"https:\/\/shenghealth.com\/wp-content\/uploads\/2025\/03\/Mesa-de-trabajo-1-100.jpg\" alt=\"Mirada de Drag\u00f3n \u2013 Sabidur\u00eda oriental en relatos breves y poderosos\">\n      <\/div>\n      <div class=\"producto-info\">\n        <h3 class=\"producto-nombre\">Mirada de Drag\u00f3n \u2013 Sabidur\u00eda oriental en relatos breves y poderosos<\/h3>\n        <p class=\"producto-descripcion\">\n          Un libro que presenta relatos breves con ense\u00f1anzas de la filosof\u00eda oriental, la medicina china y las artes marciales. A trav\u00e9s de historias directas y reflexivas, invita a aplicar principios milenarios para lograr equilibrio y claridad en la vida cotidiana. Incluye ejercicios de Qi Gong para integrar esta sabidur\u00eda de manera pr\u00e1ctica.\n        <\/p>\n        <div class=\"producto-precio\">$10 USD + IVA<\/div>\n        <a href=\"https:\/\/shenghealth.com\/en\/product\/mirada-de-dragon-sabiduria-oriental-en-relatos-breves-y-poderosos\/\" class=\"producto-btn\">Comprar<\/a>\n      <\/div>\n    <\/div>\n  <\/div>\n<\/div>\n\t\t<\/div>\n\t<\/div>\n<\/div><\/div><\/div><\/div>","protected":false},"excerpt":{"rendered":"Mirada de Drag\u00f3n \u2013 Sabidur\u00eda oriental en relatos breves y poderosos Un libro que presenta relatos breves con ense\u00f1anzas de la filosof\u00eda oriental, la medicina china y las artes marciales. [...]","protected":false},"author":1,"featured_media":0,"parent":0,"menu_order":0,"comment_status":"closed","ping_status":"closed","template":"","meta":{"footnotes":""},"class_list":["post-32","page","type-page","status-publish","hentry"],"_links":{"self":[{"href":"https:\/\/shenghealth.com\/en\/wp-json\/wp\/v2\/pages\/32","targetHints":{"allow":["GET"]}}],"collection":[{"href":"https:\/\/shenghealth.com\/en\/wp-json\/wp\/v2\/pages"}],"about":[{"href":"https:\/\/shenghealth.com\/en\/wp-json\/wp\/v2\/types\/page"}],"author":[{"embeddable":true,"href":"https:\/\/shenghealth.com\/en\/wp-json\/wp\/v2\/users\/1"}],"replies":[{"embeddable":true,"href":"https:\/\/shenghealth.com\/en\/wp-json\/wp\/v2\/comments?post=32"}],"version-history":[{"count":8,"href":"https:\/\/shenghealth.com\/en\/wp-json\/wp\/v2\/pages\/32\/revisions"}],"predecessor-version":[{"id":3909,"href":"https:\/\/shenghealth.com\/en\/wp-json\/wp\/v2\/pages\/32\/revisions\/3909"}],"wp:attachment":[{"href":"https:\/\/shenghealth.com\/en\/wp-json\/wp\/v2\/media?parent=32"}],"curies":[{"name":"wp","href":"https:\/\/api.w.org\/{rel}","templated":true}]}}