{"id":3897,"date":"2025-11-18T22:35:18","date_gmt":"2025-11-18T22:35:18","guid":{"rendered":"https:\/\/shenghealth.com\/?page_id=3897"},"modified":"2025-11-18T23:02:06","modified_gmt":"2025-11-18T23:02:06","slug":"3897-2","status":"publish","type":"page","link":"https:\/\/shenghealth.com\/en\/3897-2\/","title":{"rendered":"Tienda"},"content":{"rendered":"<div class=\"vc_row wpb_row vc_row-fluid\"><div class=\"wpb_column vc_column_container vc_col-sm-12\"><div class=\"vc_column-inner\"><div class=\"wpb_wrapper\">\n\t<div class=\"wpb_raw_code wpb_content_element wpb_raw_html\" id=\"Libro\">\n\t\t<div class=\"wpb_wrapper\">\n\t\t\t<div id=\"sheng-tienda-libro-full-v3\" style=\"width:100%; margin:0; padding:0; box-sizing:border-box;\">\n  <style>\n    \/* === Estilos base: M\u00d3VIL (full-width) === *\/\n    #sheng-tienda-libro-full-v3 {\n      width: 100%;\n      margin: 0;\n      padding: 0;\n      box-sizing: border-box;\n    }\n\n    #sheng-tienda-libro-full-v3 .tienda-section {\n      font-family: 'Segoe UI', Tahoma, Geneva, Verdana, sans-serif;\n      width: 100%;\n      margin: 0;\n      padding: 25px 15px;\n      background: white;\n      border-radius: 0;\n      box-shadow: 0 4px 16px rgba(0, 0, 0, 0.07);\n      position: relative;\n      overflow: hidden;\n      color: #212529;\n      display: block;\n      box-sizing: border-box;\n    }\n\n    #sheng-tienda-libro-full-v3 .tienda-section::before {\n      content: '';\n      position: absolute;\n      top: 0;\n      left: 0;\n      width: 100%;\n      height: 100%;\n      background: linear-gradient(135deg, rgba(107, 77, 122, 0.02), rgba(142, 111, 156, 0.02));\n      z-index: -1;\n      display: block;\n    }\n\n    #sheng-tienda-libro-full-v3 .producto-card {\n      display: flex;\n      flex-direction: column;\n      gap: 20px;\n      width: 100%;\n      max-width: 100%;\n      margin: 0;\n    }\n\n    #sheng-tienda-libro-full-v3 .producto-imagen img {\n      width: 100%;\n      height: auto;\n      border-radius: 12px;\n      box-shadow: 0 6px 18px rgba(0, 0, 0, 0.1);\n      display: block;\n    }\n\n    #sheng-tienda-libro-full-v3 .producto-info {\n      width: 100%;\n      display: flex;\n      flex-direction: column;\n      align-items: center;\n      text-align: center;\n    }\n\n    #sheng-tienda-libro-full-v3 .producto-nombre {\n      font-size: 1.6rem;\n      color: #6b4d7a;\n      margin: 0 0 12px 0;\n      line-height: 1.3;\n      text-align: center;\n    }\n\n    #sheng-tienda-libro-full-v3 .producto-descripcion {\n      color: #555;\n      font-size: 1rem;\n      line-height: 1.6;\n      margin: 0 0 18px 0;\n      width: 100%;\n      max-width: 600px;\n    }\n\n    #sheng-tienda-libro-full-v3 .producto-precio {\n      font-size: 1.4rem;\n      font-weight: 700;\n      color: #3a7d44;\n      margin: 0 0 20px 0;\n    }\n\n    #sheng-tienda-libro-full-v3 .producto-btn {\n      display: block;\n      width: 100%;\n      max-width: 220px;\n      background: #8e6f9c;\n      color: white;\n      padding: 14px;\n      border-radius: 30px;\n      text-decoration: none;\n      font-weight: 600;\n      font-size: 1rem;\n      transition: all 0.3s ease;\n      border: 2px solid transparent;\n      box-shadow: 0 4px 10px rgba(107, 77, 122, 0.2);\n      text-align: center;\n      cursor: pointer;\n      margin: 0 auto;\n    }\n\n    #sheng-tienda-libro-full-v3 .producto-btn:hover {\n      background: transparent;\n      color: #8e6f9c;\n      border-color: #8e6f9c;\n      transform: translateY(-2px);\n      box-shadow: 0 6px 15px rgba(107, 77, 122, 0.3);\n    }\n\n    \/* === Escritorio: Dise\u00f1o original (sin m\u00e1rgenes superiores) === *\/\n    @media (min-width: 992px) {\n      #sheng-tienda-libro-full-v3 .tienda-section {\n        max-width: 900px;\n        margin: 0 auto; \/* \u00a1No hay margen superior! *\/\n        padding: 40px 40px;\n        border-radius: 20px;\n        box-shadow: 0 5px 20px rgba(0, 0, 0, 0.08);\n      }\n\n      #sheng-tienda-libro-full-v3 .producto-card {\n        flex-direction: row;\n        gap: 40px;\n        align-items: flex-start;\n        text-align: left;\n      }\n\n      #sheng-tienda-libro-full-v3 .producto-info {\n        align-items: flex-start;\n        text-align: left;\n      }\n\n      #sheng-tienda-libro-full-v3 .producto-nombre {\n        font-size: 1.8rem;\n      }\n\n      #sheng-tienda-libro-full-v3 .producto-descripcion {\n        font-size: 1.05rem;\n        line-height: 1.7;\n      }\n\n      #sheng-tienda-libro-full-v3 .producto-precio {\n        font-size: 1.5rem;\n      }\n\n      #sheng-tienda-libro-full-v3 .producto-btn {\n        width: fit-content;\n        max-width: none;\n        padding: 14px 32px;\n        font-size: 1.1rem;\n        margin: 0;\n      }\n    }\n  <\/style>\n\n  <section class=\"tienda-section\">\n    <div class=\"producto-card\">\n      <div class=\"producto-imagen\">\n        <img decoding=\"async\" src=\"https:\/\/shenghealth.com\/wp-content\/uploads\/2025\/03\/Mesa-de-trabajo-1-100.jpg\" alt=\"Mirada de Drag\u00f3n \u2013 Sabidur\u00eda oriental en relatos breves y poderosos\">\n      <\/div>\n      <div class=\"producto-info\">\n        <h3 class=\"producto-nombre\">Mirada de Drag\u00f3n \u2013 Sabidur\u00eda oriental en relatos breves y poderosos<\/h3>\n        <p class=\"producto-descripcion\">\n          Un libro que presenta relatos breves con ense\u00f1anzas de la filosof\u00eda oriental, la medicina china y las artes marciales. A trav\u00e9s de historias directas y reflexivas, invita a aplicar principios milenarios para lograr equilibrio y claridad en la vida cotidiana. Incluye ejercicios de Qi Gong para integrar esta sabidur\u00eda de manera pr\u00e1ctica.\n        <\/p>\n        <div class=\"producto-precio\">$10 USD + IVA<\/div>\n        <a href=\"#\" class=\"producto-btn\">Comprar<\/a>\n      <\/div>\n    <\/div>\n  <\/section>\n<\/div>\n\t\t<\/div>\n\t<\/div>\n<\/div><\/div><\/div><\/div>","protected":false},"excerpt":{"rendered":"Mirada de Drag\u00f3n \u2013 Sabidur\u00eda oriental en relatos breves y poderosos Un libro que presenta relatos breves con ense\u00f1anzas de la filosof\u00eda oriental, la medicina china y las artes marciales. [...]","protected":false},"author":1,"featured_media":0,"parent":0,"menu_order":0,"comment_status":"closed","ping_status":"closed","template":"","meta":{"footnotes":""},"class_list":["post-3897","page","type-page","status-publish","hentry"],"_links":{"self":[{"href":"https:\/\/shenghealth.com\/en\/wp-json\/wp\/v2\/pages\/3897","targetHints":{"allow":["GET"]}}],"collection":[{"href":"https:\/\/shenghealth.com\/en\/wp-json\/wp\/v2\/pages"}],"about":[{"href":"https:\/\/shenghealth.com\/en\/wp-json\/wp\/v2\/types\/page"}],"author":[{"embeddable":true,"href":"https:\/\/shenghealth.com\/en\/wp-json\/wp\/v2\/users\/1"}],"replies":[{"embeddable":true,"href":"https:\/\/shenghealth.com\/en\/wp-json\/wp\/v2\/comments?post=3897"}],"version-history":[{"count":4,"href":"https:\/\/shenghealth.com\/en\/wp-json\/wp\/v2\/pages\/3897\/revisions"}],"predecessor-version":[{"id":3903,"href":"https:\/\/shenghealth.com\/en\/wp-json\/wp\/v2\/pages\/3897\/revisions\/3903"}],"wp:attachment":[{"href":"https:\/\/shenghealth.com\/en\/wp-json\/wp\/v2\/media?parent=3897"}],"curies":[{"name":"wp","href":"https:\/\/api.w.org\/{rel}","templated":true}]}}