{"id":3846,"date":"2025-03-14T16:46:30","date_gmt":"2025-03-14T16:46:30","guid":{"rendered":"https:\/\/shenghealth.com\/?post_type=product&#038;p=3846"},"modified":"2025-03-16T19:01:55","modified_gmt":"2025-03-16T19:01:55","slug":"mirada-de-dragon-sabiduria-oriental-en-relatos-breves-y-poderosos","status":"publish","type":"product","link":"https:\/\/shenghealth.com\/en\/product\/mirada-de-dragon-sabiduria-oriental-en-relatos-breves-y-poderosos\/","title":{"rendered":"Mirada de Drag\u00f3n \u2013 Sabidur\u00eda oriental en relatos breves y poderosos"},"content":{"rendered":"<p>Mirada de Drag\u00f3n \u2013 Sabidur\u00eda oriental en relatos breves y poderosos<\/p>\n<p>A veces, una historia corta puede contener una ense\u00f1anza capaz de transformar nuestra vida. Mirada de Drag\u00f3n es un libro conciso pero profundo, donde cada relato es una ventana a la filosof\u00eda oriental, la medicina china y las artes marciales. A trav\u00e9s de experiencias personales y de conocidos, este libro revela c\u00f3mo los principios milenarios pueden aplicarse en la vida cotidiana para encontrar equilibrio, salud y claridad.<\/p>\n<p>Cada narraci\u00f3n es breve, directa y con un mensaje que resuena, ideal para quienes buscan reflexiones profundas en poco tiempo. Al final, incluye una serie de ejercicios exclusivos de Qi Gong, sencillos pero poderosos, dise\u00f1ados para integrar esta sabidur\u00eda en tu d\u00eda a d\u00eda.<\/p>\n<p>Mirada de Drag\u00f3n no es solo un libro, es una invitaci\u00f3n a ver la vida con ojos de sabidur\u00eda y fuerza interior. Su formato ligero lo hace perfecto para llevarlo contigo y releerlo en cualquier momento en busca de inspiraci\u00f3n y equilibrio.<\/p>\n<p>Adqui\u00e9relo ahora y empieza a transformar\u00a0tu\u00a0perspectiva.<\/p>","protected":false},"excerpt":{"rendered":"<p><em data-start=\"13\" data-end=\"31\">\u00abMirada de Drag\u00f3n<\/em> <em>Sabidur\u00eda oriental en relatos breves y poderosos\u00bb<\/em> es un libro que presenta relatos breves con ense\u00f1anzas de la filosof\u00eda oriental, la medicina china y las artes marciales. A trav\u00e9s de historias directas y reflexivas, invita a aplicar principios milenarios para lograr equilibrio y claridad en la vida cotidiana. Adem\u00e1s, incluye ejercicios de Qi Gong para integrar esta sabidur\u00eda de manera pr\u00e1ctica. Es una obra concisa e inspiradora, ideal para quienes buscan aprendizaje profundo en poco tiempo.<\/p>","protected":false},"featured_media":3848,"comment_status":"open","ping_status":"closed","template":"","meta":[],"product_brand":[],"product_cat":[132],"product_tag":[],"class_list":{"0":"post-3846","1":"product","2":"type-product","3":"status-publish","4":"has-post-thumbnail","6":"product_cat-descargables","8":"first","9":"instock","10":"downloadable","11":"virtual","12":"taxable","13":"purchasable","14":"product-type-simple"},"_links":{"self":[{"href":"https:\/\/shenghealth.com\/en\/wp-json\/wp\/v2\/product\/3846","targetHints":{"allow":["GET"]}}],"collection":[{"href":"https:\/\/shenghealth.com\/en\/wp-json\/wp\/v2\/product"}],"about":[{"href":"https:\/\/shenghealth.com\/en\/wp-json\/wp\/v2\/types\/product"}],"replies":[{"embeddable":true,"href":"https:\/\/shenghealth.com\/en\/wp-json\/wp\/v2\/comments?post=3846"}],"wp:featuredmedia":[{"embeddable":true,"href":"https:\/\/shenghealth.com\/en\/wp-json\/wp\/v2\/media\/3848"}],"wp:attachment":[{"href":"https:\/\/shenghealth.com\/en\/wp-json\/wp\/v2\/media?parent=3846"}],"wp:term":[{"taxonomy":"product_brand","embeddable":true,"href":"https:\/\/shenghealth.com\/en\/wp-json\/wp\/v2\/product_brand?post=3846"},{"taxonomy":"product_cat","embeddable":true,"href":"https:\/\/shenghealth.com\/en\/wp-json\/wp\/v2\/product_cat?post=3846"},{"taxonomy":"product_tag","embeddable":true,"href":"https:\/\/shenghealth.com\/en\/wp-json\/wp\/v2\/product_tag?post=3846"}],"curies":[{"name":"wp","href":"https:\/\/api.w.org\/{rel}","templated":true}]}}